{"id":88,"date":"2014-11-21T15:29:23","date_gmt":"2014-11-21T13:29:00","guid":{"rendered":"http:\/\/www.agentur-kerstin.de\/?page_id=88"},"modified":"2024-08-19T08:54:44","modified_gmt":"2024-08-19T06:54:44","slug":"agentur","status":"publish","type":"page","link":"https:\/\/www.agentur-kerstin.de\/de\/agentur\/","title":{"rendered":"Agentur"},"content":{"rendered":"<p>Die Agentur Kerstin Neuhaus wurde im November 2014 gegr\u00fcndet.<br \/>\nSie vertritt ihre Klienten in den Bereichen Film, Fernsehen, Werbung und B\u00fchne.<br \/>\nNeben den gut ausgebildeten und hervorragenden deutschen Schauspielerinnen und Schauspielern, legt die Agentur auch einen besonderen Wert auf die Vermittlung skandinavischer Darsteller.<br \/>\nSie steht von Anfang an in engem Austausch mit den Klienten, ber\u00e4t, begleitet und vermittelt nach individueller Absprache an sorgsam ausgew\u00e4hlte Produktionen.<\/p>\n<p>Seit 2017 gibt die Agentur Kerstin Neuhaus gemeinsam mit wunderbaren Kollegen Empf\u00e4nge auf den Filmfesten in M\u00fcnchen und Berlin.<\/p>\n<p>Kerstin Neuhaus legt gro\u00dfen Wert auf Networking und direkten Austausch in der Branche und ist daher regelm\u00e4\u00dfig auf vielen Film und Fernsehfestivals im In und Ausland anzutreffen.<\/p>\n<p>(z.B. M\u00fcnchen, Berlin, Hamburg, K\u00f6ln, Baden-Baden, Cannes, Stockholm)<\/p>\n<p>F\u00fcr Anfragen, Nachfragen, Besetzungsfragen und sonstige Fragen:<br \/>\nwir sind immer f\u00fcr Sie da<\/p>\n<p>Agentur Kerstin Neuhaus<\/p>\n<div id=\"attachment_7685\" style=\"width: 210px\" class=\"wp-caption alignnone\"><img loading=\"lazy\" decoding=\"async\" aria-describedby=\"caption-attachment-7685\" src=\"https:\/\/www.agentur-kerstin.de\/wp-content\/uploads\/2019\/06\/CDH_8453-fx-6-200x300.jpg\" alt=\"\u00a9 Claudia Dilay Hauf\" width=\"200\" height=\"300\" class=\"size-medium wp-image-7685\" srcset=\"https:\/\/www.agentur-kerstin.de\/wp-content\/uploads\/2019\/06\/CDH_8453-fx-6-200x300.jpg 200w, https:\/\/www.agentur-kerstin.de\/wp-content\/uploads\/2019\/06\/CDH_8453-fx-6-768x1152.jpg 768w, https:\/\/www.agentur-kerstin.de\/wp-content\/uploads\/2019\/06\/CDH_8453-fx-6-667x1000.jpg 667w, https:\/\/www.agentur-kerstin.de\/wp-content\/uploads\/2019\/06\/CDH_8453-fx-6-624x936.jpg 624w, https:\/\/www.agentur-kerstin.de\/wp-content\/uploads\/2019\/06\/CDH_8453-fx-6.jpg 1323w\" sizes=\"(max-width: 200px) 100vw, 200px\" \/><p id=\"caption-attachment-7685\" class=\"wp-caption-text\">\u00a9 Claudia Dilay Hauf<\/p><\/div>\n<p>Wir freuen uns auf die Zusammenarbeit!<\/p>\n<p>Kerstin Neuhaus hat nach ihrem Tanzstudium an der Folkwang-Hochschule in Essen jahrelang an verschiedenen Theatern in Deutschland getanzt, gespielt und choreografiert.<br \/>\nEs folgten Tourneen und Gastspiele, sowie beruflich bedingte Aufenthalte in u.a. Belgien, Frankreich, Indien, Israel, Schweden, sowie in der Schweiz, der Slowakei und den USA.<\/p>\n<p>Sie arbeitete mehrere Jahre im k\u00fcnstlerischen Betriebsb\u00fcro eines Privattheaters und war im Organisationsteam des ICEM an der Folkwang-Hochschule f\u00fcr das Festival \u201eex-machina\u201c zust\u00e4ndig.<\/p>\n<p>Mitglied im Verband der Agenturen<\/p>\n<p><a href=\"https:\/\/verband-der-agenturen.de\" rel=\"noopener noreferrer\" target=\"_blank\"><img loading=\"lazy\" decoding=\"async\" src=\"https:\/\/www.agentur-kerstin.de\/wp-content\/uploads\/2022\/01\/VdA-Logo-II-300x100.jpg\" alt=\"\" width=\"300\" height=\"100\" class=\"alignnone size-medium wp-image-12528\" srcset=\"https:\/\/www.agentur-kerstin.de\/wp-content\/uploads\/2022\/01\/VdA-Logo-II-300x100.jpg 300w, https:\/\/www.agentur-kerstin.de\/wp-content\/uploads\/2022\/01\/VdA-Logo-II-1000x334.jpg 1000w, https:\/\/www.agentur-kerstin.de\/wp-content\/uploads\/2022\/01\/VdA-Logo-II-768x256.jpg 768w, https:\/\/www.agentur-kerstin.de\/wp-content\/uploads\/2022\/01\/VdA-Logo-II-1536x512.jpg 1536w, https:\/\/www.agentur-kerstin.de\/wp-content\/uploads\/2022\/01\/VdA-Logo-II-624x208.jpg 624w, https:\/\/www.agentur-kerstin.de\/wp-content\/uploads\/2022\/01\/VdA-Logo-II.jpg 1772w\" sizes=\"(max-width: 300px) 100vw, 300px\" \/><\/a><\/p>\n<p>Mitglied der Deutschen Akademie f\u00fcr Fernsehen<\/p>\n<p><a href=\"https:\/\/www.deutscheakademiefuerfernsehen.de\/rl\/\" target=\"_blank\" rel=\"noopener noreferrer\"><img loading=\"lazy\" decoding=\"async\" src=\"http:\/\/www.agentur-kerstin.de\/wp-content\/uploads\/2017\/12\/DAFFLOGO_internet-1-300x121.png\" alt=\"DAFFLOGO_internet\" width=\"300\" height=\"121\" class=\"alignnone size-medium wp-image-4738\" srcset=\"https:\/\/www.agentur-kerstin.de\/wp-content\/uploads\/2017\/12\/DAFFLOGO_internet-1-300x121.png 300w, https:\/\/www.agentur-kerstin.de\/wp-content\/uploads\/2017\/12\/DAFFLOGO_internet-1.png 322w\" sizes=\"(max-width: 300px) 100vw, 300px\" \/><\/a><\/p>\n<p>und bei Women in Film and Television<\/p>\n<p><a href=\"http:\/\/www.wiftg.de\" target=\"_blank\" rel=\"noopener noreferrer\"><img loading=\"lazy\" decoding=\"async\" src=\"http:\/\/www.agentur-kerstin.de\/wp-content\/uploads\/2018\/05\/WIFTG_Logo_Pantone-300x68.jpg\" alt=\"WIFTG_Logo_Unterzeile\" width=\"300\" height=\"68\" class=\"alignnone size-medium wp-image-5409\" srcset=\"https:\/\/www.agentur-kerstin.de\/wp-content\/uploads\/2018\/05\/WIFTG_Logo_Pantone-300x68.jpg 300w, https:\/\/www.agentur-kerstin.de\/wp-content\/uploads\/2018\/05\/WIFTG_Logo_Pantone-768x175.jpg 768w, https:\/\/www.agentur-kerstin.de\/wp-content\/uploads\/2018\/05\/WIFTG_Logo_Pantone-1000x228.jpg 1000w, https:\/\/www.agentur-kerstin.de\/wp-content\/uploads\/2018\/05\/WIFTG_Logo_Pantone-624x142.jpg 624w, https:\/\/www.agentur-kerstin.de\/wp-content\/uploads\/2018\/05\/WIFTG_Logo_Pantone.jpg 1063w\" sizes=\"(max-width: 300px) 100vw, 300px\" \/><\/a><\/p>\n<p>Im Freundeskreis der<\/p>\n<p>Freunde und Partner<\/p>\n<p><a href=\"https:\/\/sophie-molitoris.de\" rel=\"noopener noreferrer\" target=\"_blank\"><img loading=\"lazy\" decoding=\"async\" src=\"https:\/\/www.agentur-kerstin.de\/wp-content\/uploads\/2021\/02\/SophieMolitoris_Logo_RGB_rosa-300x143.png\" alt=\"\" width=\"300\" height=\"143\" class=\"alignnone size-medium wp-image-11042\" srcset=\"https:\/\/www.agentur-kerstin.de\/wp-content\/uploads\/2021\/02\/SophieMolitoris_Logo_RGB_rosa-300x143.png 300w, https:\/\/www.agentur-kerstin.de\/wp-content\/uploads\/2021\/02\/SophieMolitoris_Logo_RGB_rosa-624x296.png 624w, https:\/\/www.agentur-kerstin.de\/wp-content\/uploads\/2021\/02\/SophieMolitoris_Logo_RGB_rosa.png 640w\" sizes=\"(max-width: 300px) 100vw, 300px\" \/><\/a><\/p>\n<p><a href=\"https:\/\/f-s.tv\" rel=\"noopener noreferrer\" target=\"_blank\"><img loading=\"lazy\" decoding=\"async\" src=\"https:\/\/www.agentur-kerstin.de\/wp-content\/uploads\/2021\/02\/LOGO-STEFY_AAFF_RGB_opt.png\" alt=\"\" width=\"216\" height=\"211\" class=\"alignnone size-full wp-image-11039\" \/><\/a><\/p>\n<p><a href=\"https:\/\/www.agentur-aziel.de\/de\/\" rel=\"noopener noreferrer\" target=\"_blank\"><img loading=\"lazy\" decoding=\"async\" src=\"https:\/\/www.agentur-kerstin.de\/wp-content\/uploads\/2021\/02\/AZIEL-LOGO_001-300x300.png\" alt=\"\" width=\"300\" height=\"300\" class=\"alignnone size-medium wp-image-11038\" srcset=\"https:\/\/www.agentur-kerstin.de\/wp-content\/uploads\/2021\/02\/AZIEL-LOGO_001-300x300.png 300w, https:\/\/www.agentur-kerstin.de\/wp-content\/uploads\/2021\/02\/AZIEL-LOGO_001-1000x1000.png 1000w, https:\/\/www.agentur-kerstin.de\/wp-content\/uploads\/2021\/02\/AZIEL-LOGO_001-100x100.png 100w, https:\/\/www.agentur-kerstin.de\/wp-content\/uploads\/2021\/02\/AZIEL-LOGO_001-768x768.png 768w, https:\/\/www.agentur-kerstin.de\/wp-content\/uploads\/2021\/02\/AZIEL-LOGO_001-1536x1536.png 1536w, https:\/\/www.agentur-kerstin.de\/wp-content\/uploads\/2021\/02\/AZIEL-LOGO_001-2048x2048.png 2048w, https:\/\/www.agentur-kerstin.de\/wp-content\/uploads\/2021\/02\/AZIEL-LOGO_001-200x200.png 200w, https:\/\/www.agentur-kerstin.de\/wp-content\/uploads\/2021\/02\/AZIEL-LOGO_001-624x624.png 624w\" sizes=\"(max-width: 300px) 100vw, 300px\" \/><\/a><\/p>\n<p><a href=\"https:\/\/www.peterfley.com\" rel=\"noopener noreferrer\" target=\"_blank\"><img loading=\"lazy\" decoding=\"async\" src=\"https:\/\/www.agentur-kerstin.de\/wp-content\/uploads\/2021\/02\/Logo-peterfley-Kopie-300x127.jpg\" alt=\"\" width=\"300\" height=\"127\" class=\"alignnone size-medium wp-image-11084\" srcset=\"https:\/\/www.agentur-kerstin.de\/wp-content\/uploads\/2021\/02\/Logo-peterfley-Kopie-300x127.jpg 300w, https:\/\/www.agentur-kerstin.de\/wp-content\/uploads\/2021\/02\/Logo-peterfley-Kopie.jpg 323w\" sizes=\"(max-width: 300px) 100vw, 300px\" \/><\/a><\/p>\n<p><a href=\"http:\/\/agentur-richter.net\" rel=\"noopener noreferrer\" target=\"_blank\"><img loading=\"lazy\" decoding=\"async\" src=\"https:\/\/www.agentur-kerstin.de\/wp-content\/uploads\/2021\/02\/A2-neue-Gr\u00f6\u00dfe-300x176.jpg\" alt=\"\" width=\"300\" height=\"176\" class=\"alignnone size-medium wp-image-11089\" srcset=\"https:\/\/www.agentur-kerstin.de\/wp-content\/uploads\/2021\/02\/A2-neue-Gr\u00f6\u00dfe-300x176.jpg 300w, https:\/\/www.agentur-kerstin.de\/wp-content\/uploads\/2021\/02\/A2-neue-Gr\u00f6\u00dfe.jpg 413w\" sizes=\"(max-width: 300px) 100vw, 300px\" \/><\/a><\/p>","protected":false},"excerpt":{"rendered":"<p>Die Agentur Kerstin Neuhaus wurde im November 2014 gegr\u00fcndet. Sie vertritt ihre Klienten in den Bereichen Film, Fernsehen, Werbung und B\u00fchne. Neben den gut ausgebildeten und hervorragenden deutschen Schauspielerinnen und Schauspielern, legt die Agentur auch einen besonderen Wert auf die Vermittlung skandinavischer Darsteller. Sie steht von Anfang an in engem Austausch mit den Klienten, ber\u00e4t, [&hellip;]<\/p>\n","protected":false},"author":1,"featured_media":0,"parent":0,"menu_order":0,"comment_status":"closed","ping_status":"closed","template":"","meta":{"_acf_changed":false,"footnotes":""},"class_list":["post-88","page","type-page","status-publish","hentry"],"acf":[],"_links":{"self":[{"href":"https:\/\/www.agentur-kerstin.de\/de\/wp-json\/wp\/v2\/pages\/88"}],"collection":[{"href":"https:\/\/www.agentur-kerstin.de\/de\/wp-json\/wp\/v2\/pages"}],"about":[{"href":"https:\/\/www.agentur-kerstin.de\/de\/wp-json\/wp\/v2\/types\/page"}],"author":[{"embeddable":true,"href":"https:\/\/www.agentur-kerstin.de\/de\/wp-json\/wp\/v2\/users\/1"}],"replies":[{"embeddable":true,"href":"https:\/\/www.agentur-kerstin.de\/de\/wp-json\/wp\/v2\/comments?post=88"}],"version-history":[{"count":96,"href":"https:\/\/www.agentur-kerstin.de\/de\/wp-json\/wp\/v2\/pages\/88\/revisions"}],"predecessor-version":[{"id":17251,"href":"https:\/\/www.agentur-kerstin.de\/de\/wp-json\/wp\/v2\/pages\/88\/revisions\/17251"}],"wp:attachment":[{"href":"https:\/\/www.agentur-kerstin.de\/de\/wp-json\/wp\/v2\/media?parent=88"}],"curies":[{"name":"wp","href":"https:\/\/api.w.org\/{rel}","templated":true}]}}